{"id":3104,"date":"2023-01-20T20:05:26","date_gmt":"2023-01-20T23:05:26","guid":{"rendered":"https:\/\/adorlyscosmeticos.com.br\/loja\/?post_type=product&#038;p=3104"},"modified":"2023-01-20T20:05:27","modified_gmt":"2023-01-20T23:05:27","slug":"1-hidratante-1-desodorante-herbal-1-desodorante-floral","status":"publish","type":"product","link":"https:\/\/adorlyscosmeticos.com.br\/loja\/product\/1-hidratante-1-desodorante-herbal-1-desodorante-floral\/","title":{"rendered":"1 Hidratante + 1 desodorante herbal + 1 desodorante floral"},"content":{"rendered":"<p style=\"font-weight: 400\"><b><strong>CREME HIDRATANTE CORPORAL KARIT\u00c9 &amp; MACAD\u00c2MIA<\/strong><\/b>\u00a0&#8211;\u00a0<b><strong>140g<\/strong><\/b><\/p>\n<p style=\"font-weight: 400\">Um hidratante para ser usado no corpo todo, desenvolvido com ativos 100% naturais e veganos, com textura leve e toque seco e aveludado.<\/p>\n<p style=\"font-weight: 400\">\u00c9 indicado para todos os tipos de pele.<\/p>\n<p style=\"font-weight: 400\">Proporciona hidrata\u00e7\u00e3o imediata e cont\u00ednua que permanece na pele mesmo ap\u00f3s o banho.<\/p>\n<p style=\"font-weight: 400\">Protege contra agress\u00f5es externas como sol, frio e polui\u00e7\u00e3o.<\/p>\n<p style=\"font-weight: 400\">Tem a\u00e7\u00e3o antienvelhecimento deixando a pele suave e lisa.<\/p>\n<p style=\"font-weight: 400\">Com perfume natural suave de \u00f3leos essenciais de cipreste, lavandim, petigrain, ho wood e ylang ylang.<\/p>\n<p style=\"font-weight: 400\">Sem produtos de origem animal e n\u00e3o testado em animais.<\/p>\n<p style=\"font-weight: 400\">Livre de parabenos, fragr\u00e2ncia, corante, silicone e derivados de petr\u00f3leo.<\/p>\n<p style=\"font-weight: 400\"><b><strong>MODO DE USAR<\/strong><\/b><\/p>\n<p style=\"font-weight: 400\">Aplicar uma fina camada sobre a pele limpa, massagear at\u00e9 a completa absor\u00e7\u00e3o. Reaplicar sempre que necess\u00e1rio. Uso di\u00e1rio.<\/p>\n<p style=\"font-weight: 400\">Importante: por conter extratos naturais o produto poder\u00e1 sofrer varia\u00e7\u00f5es de cor, sem alterar suas propriedades.<\/p>\n<p style=\"font-weight: 400\"><b><strong>Saiba mais sobre as propriedades das principais mat\u00e9rias-primas que comp\u00f5em esta f\u00f3rmula:<\/strong><\/b><\/p>\n<p style=\"font-weight: 400\"><b><strong>Manteiga de Karit\u00e9<\/strong><\/b>&#8211; Possui textura suave, pouco gordurosa, rapidamente absorvida pela pele, protege das agress\u00f5es externas como frio, vento e sol.<\/p>\n<p style=\"font-weight: 400\">Atua para reter a umidade e melhorar a hidrata\u00e7\u00e3o, proporcionando um toque aveludado.<\/p>\n<p style=\"font-weight: 400\"><b><strong>Extrato de Cal\u00eandula<\/strong><\/b>&#8211;\u00a0Acelera a cicatriza\u00e7\u00e3o da pele, com propriedades antif\u00fangicas, anti-inflamat\u00f3rias e antibacterianas \u00fateis na recupera\u00e7\u00e3o de feridas, dermatites e assaduras.<\/p>\n<p style=\"font-weight: 400\"><b><strong>\u00d3leo de Macad\u00e2mia-\u00a0<\/strong><\/b>Preserva hidrata\u00e7\u00e3o, a apar\u00eancia saud\u00e1vel e tem a\u00e7\u00e3o regenerativa e antienvelhecimento. Previne a forma\u00e7\u00e3o de rugas e reduz inflama\u00e7\u00f5es.<\/p>\n<p style=\"font-weight: 400\"><b><strong>Combina\u00e7\u00e3o de amino\u00e1cidos-\u00a0<\/strong><\/b>A\u00e7\u00e3o antirrugas e hidratante.<\/p>\n<p style=\"font-weight: 400\"><b><strong>Bioativos<\/strong><\/b><b><strong>\u00a0<\/strong><\/b>(Saccharide Isomerate)- Fornecem hidrata\u00e7\u00e3o instant\u00e2nea, profunda e de longa dura\u00e7\u00e3o. Permanecem na pele mesmo ap\u00f3s a lavagem, ret\u00e9m \u00e1gua mesmo com baixa umidade do ar. Fornecem uma camada de prote\u00e7\u00e3o contra polui\u00e7\u00e3o, frio e calor. Melhoram problemas de pele como descama\u00e7\u00f5es irrita\u00e7\u00e3o, deixando- a suave e lisa.<\/p>\n<p style=\"font-weight: 400\"><b><strong>DESODORANTE NATURAL HERBAL &#8211; roll on 70g<\/strong><\/b><\/p>\n<p style=\"font-weight: 400\">Um desodorante sem alum\u00ednio e subst\u00e2ncias t\u00f3xicas para a sa\u00fade, eficaz e que trata suas axilas.<\/p>\n<p style=\"font-weight: 400\">\u00c9 indicado para todos os tipos de pele.<\/p>\n<p style=\"font-weight: 400\">Este desodorante combinou\u00a0\u00f3leos essenciais de capim lim\u00e3o, alecrim, cedro e melaleuca (ou tea tree), trazendo uma sensa\u00e7\u00e3o refrescante e de bem-estar.<\/p>\n<p style=\"font-weight: 400\">\u00a0Sua f\u00f3rmula \u00e9 concentrada, previne e neutraliza odores das axilas.<\/p>\n<p style=\"font-weight: 400\">\u00a0Acalma\u00a0e hidrata\u00a0a pele de forma saud\u00e1vel e segura.<\/p>\n<p style=\"font-weight: 400\">Tem perfume suave e refrescante da sinergia de \u00f3leos essenciais com propriedades antiss\u00e9ptica, cicatrizante, bactericida, anti-inflamat\u00f3ria e regeneradora\u00a0da pele.<\/p>\n<p style=\"font-weight: 400\">Sua textura \u00e9 leve, sem viscosidade e de r\u00e1pida absor\u00e7\u00e3o.<\/p>\n<p style=\"font-weight: 400\">N\u00e3o bloqueia os poros, n\u00e3o \u00e9 antitranspirante.<\/p>\n<p style=\"font-weight: 400\">Sem produtos de origem animal e n\u00e3o testado em animais.<\/p>\n<p style=\"font-weight: 400\">Livre de alum\u00ednio, parabenos, fragr\u00e2ncia, \u00e1lcool, triclosan, derivados de petr\u00f3leo e sulfatos.<\/p>\n<p style=\"font-weight: 400\"><b><strong>MODO DE USAR<\/strong><\/b><\/p>\n<p style=\"font-weight: 400\">Agite antes de usar e aplique o desodorante\u00a0nas axilas limpas. Uso externo. Pode ser reaplicado v\u00e1rias vezes ao dia sem causar qualquer inc\u00f4modo. Importante: por conter extratos naturais o produto poder\u00e1 sofrer varia\u00e7\u00f5es de cor, sem alterar suas propriedades.<\/p>\n<p style=\"font-weight: 400\"><b><strong>Saiba mais sobre as propriedades das principais mat\u00e9rias-primas que comp\u00f5em esta f\u00f3rmula:<\/strong><\/b><\/p>\n<p style=\"font-weight: 400\"><b><strong>Hidr\u00f3xido de Magn\u00e9sio\u00a0<\/strong><\/b>\u2013\u00a0fun\u00e7\u00e3o alcalinizante que reduz a acidez da pele e combate bact\u00e9rias que causam o mau odor nas axilas.<\/p>\n<p style=\"font-weight: 400\"><b><strong>Bisabolol e extrato de Camomila<\/strong><\/b>\u00a0\u2013 derivados da camomila, com a\u00e7\u00e3o cicatrizante, anti-inflamat\u00f3ria, antial\u00e9rgica, antiss\u00e9ptica, bactericida, antif\u00fangica, cicatrizante e calmante para a pele irritada.<\/p>\n<p style=\"font-weight: 400\"><b><strong>\u00d3leo vegetal de Copa\u00edba<\/strong><\/b>\u00a0&#8211; conhecido como \u201cb\u00e1lsamo da Amaz\u00f4nia\u201d, \u00e9 antiss\u00e9ptico, cicatrizante e bactericida.<\/p>\n<p style=\"font-weight: 400\"><b><strong>\u00d3leos essenciais<\/strong><\/b>\u00a0&#8211;\u00a0s\u00e3o subst\u00e2ncias de origem vegetal, com propriedades arom\u00e1ticas e terap\u00eauticas estudadas e aplicadas pela AROMATERAPIA.<\/p>\n<p style=\"font-weight: 400\"><b><strong>Glicerina vegetal\u00a0<\/strong><\/b>&#8211; com propriedade umectante, que atrai a umidade para a pele e a deixa hidratada.<\/p>\n<p style=\"font-weight: 400\"><b><strong>DESODORANTE NATURAL FLORAL \u2013 roll on 70 g<\/strong><\/b><\/p>\n<p style=\"font-weight: 400\">Um desodorante sem alum\u00ednio e subst\u00e2ncias t\u00f3xicas para a sa\u00fade, eficaz e que trata suas axilas.<\/p>\n<p style=\"font-weight: 400\">\u00c9 indicado para todos os tipos de pele.<\/p>\n<p style=\"font-weight: 400\">Este desodorante combinou \u00f3leos essenciais de lavanda, laranja e ylang ylang, trazendo a sensa\u00e7\u00e3o de conforto e tranquilidade.<\/p>\n<p style=\"font-weight: 400\">Sua f\u00f3rmula \u00e9 concentrada, previne e neutraliza odores das axilas.<\/p>\n<p style=\"font-weight: 400\">\u00a0Acalma\u00a0e hidrata\u00a0a pele de forma saud\u00e1vel e segura.<\/p>\n<p style=\"font-weight: 400\">Tem perfume suave e refrescante da sinergia de \u00f3leos essenciais com propriedades antiss\u00e9ptica, cicatrizante, bactericida, anti-inflamat\u00f3ria e regeneradora\u00a0da pele.<\/p>\n<p style=\"font-weight: 400\">Sua textura \u00e9 leve, sem viscosidade e de r\u00e1pida absor\u00e7\u00e3o.<\/p>\n<p style=\"font-weight: 400\">N\u00e3o bloqueia os poros, n\u00e3o \u00e9 antitranspirante.<\/p>\n<p style=\"font-weight: 400\">Sem produtos de origem animal e n\u00e3o testado em animais.<\/p>\n<p style=\"font-weight: 400\">Livre de alum\u00ednio, parabenos, fragr\u00e2ncia, \u00e1lcool, triclosan, derivados de petr\u00f3leo e sulfatos.<\/p>\n<p style=\"font-weight: 400\"><b><strong>MODO DE USAR<\/strong><\/b><\/p>\n<p style=\"font-weight: 400\">Agite antes de usar e aplique o desodorante\u00a0nas axilas limpas. Uso externo. Pode ser reaplicado v\u00e1rias vezes ao dia sem causar qualquer inc\u00f4modo. Importante: por conter extratos naturais o produto poder\u00e1 sofrer varia\u00e7\u00f5es de cor, sem alterar suas propriedades.<\/p>\n<p style=\"font-weight: 400\"><b><strong>Saiba mais sobre as propriedades das principais mat\u00e9rias-primas que comp\u00f5em esta f\u00f3rmula:<\/strong><\/b><\/p>\n<p style=\"font-weight: 400\"><b><strong>Hidr\u00f3xido de Magn\u00e9sio\u00a0<\/strong><\/b>\u2013\u00a0fun\u00e7\u00e3o alcalinizante que reduz a acidez da pele e combate bact\u00e9rias que causam o mau odor nas axilas.<\/p>\n<p style=\"font-weight: 400\"><b><strong>Bisabolol e extrato de Camomila<\/strong><\/b>\u00a0\u2013 derivados da camomila, com a\u00e7\u00e3o cicatrizante, anti-inflamat\u00f3ria, antial\u00e9rgica, antiss\u00e9ptica, bactericida, antif\u00fangica, cicatrizante e calmante para a pele irritada.<\/p>\n<p style=\"font-weight: 400\"><b><strong>\u00d3leo vegetal de Copa\u00edba<\/strong><\/b>\u00a0&#8211; conhecido como \u201cb\u00e1lsamo da Amaz\u00f4nia\u201d, \u00e9 antiss\u00e9ptico, cicatrizante e bactericida.<\/p>\n<p style=\"font-weight: 400\"><b><strong>\u00d3leos essenciais<\/strong><\/b>\u00a0&#8211;\u00a0s\u00e3o subst\u00e2ncias de origem vegetal, com propriedades arom\u00e1ticas e terap\u00eauticas estudadas e aplicadas pela AROMATERAPIA.<\/p>\n<p style=\"font-weight: 400\"><b><strong>Glicerina vegetal\u00a0<\/strong><\/b>&#8211; com propriedade umectante, que atrai a umidade para a pele e a deixa hidratada.<\/p>\n","protected":false},"excerpt":{"rendered":"<p>CREME HIDRATANTE CORPORAL KARIT\u00c9 &amp; MACAD\u00c2MIA\u00a0&#8211;\u00a0140g Um hidratante para ser usado no corpo todo, desenvolvido com ativos 100% naturais e veganos, com textura leve e toque seco e aveludado. \u00c9 indicado para todos os tipos de pele. Proporciona hidrata\u00e7\u00e3o imediata e cont\u00ednua que permanece na pele mesmo ap\u00f3s o banho. Protege contra agress\u00f5es externas como [&hellip;]<\/p>\n","protected":false},"featured_media":3105,"template":"","meta":[],"product_brand":[],"product_cat":[15],"product_tag":[],"class_list":{"0":"post-3104","1":"product","2":"type-product","3":"status-publish","4":"has-post-thumbnail","6":"product_cat-geral","8":"first","9":"outofstock","10":"sale","11":"taxable","12":"shipping-taxable","13":"purchasable","14":"product-type-simple"},"_links":{"self":[{"href":"https:\/\/adorlyscosmeticos.com.br\/loja\/wp-json\/wp\/v2\/product\/3104","targetHints":{"allow":["GET"]}}],"collection":[{"href":"https:\/\/adorlyscosmeticos.com.br\/loja\/wp-json\/wp\/v2\/product"}],"about":[{"href":"https:\/\/adorlyscosmeticos.com.br\/loja\/wp-json\/wp\/v2\/types\/product"}],"wp:featuredmedia":[{"embeddable":true,"href":"https:\/\/adorlyscosmeticos.com.br\/loja\/wp-json\/wp\/v2\/media\/3105"}],"wp:attachment":[{"href":"https:\/\/adorlyscosmeticos.com.br\/loja\/wp-json\/wp\/v2\/media?parent=3104"}],"wp:term":[{"taxonomy":"product_brand","embeddable":true,"href":"https:\/\/adorlyscosmeticos.com.br\/loja\/wp-json\/wp\/v2\/product_brand?post=3104"},{"taxonomy":"product_cat","embeddable":true,"href":"https:\/\/adorlyscosmeticos.com.br\/loja\/wp-json\/wp\/v2\/product_cat?post=3104"},{"taxonomy":"product_tag","embeddable":true,"href":"https:\/\/adorlyscosmeticos.com.br\/loja\/wp-json\/wp\/v2\/product_tag?post=3104"}],"curies":[{"name":"wp","href":"https:\/\/api.w.org\/{rel}","templated":true}]}}