{"id":3086,"date":"2021-10-17T16:12:15","date_gmt":"2021-10-17T19:12:15","guid":{"rendered":"https:\/\/adorlyscosmeticos.com.br\/loja\/?post_type=product&#038;p=3086"},"modified":"2025-01-28T20:48:53","modified_gmt":"2025-01-28T23:48:53","slug":"desodorante-natural-floral-70g","status":"publish","type":"product","link":"https:\/\/adorlyscosmeticos.com.br\/loja\/product\/desodorante-natural-floral-70g\/","title":{"rendered":"Desodorante Natural Floral 70g"},"content":{"rendered":"<ul>\n<li>100% natural e vegano;<\/li>\n<li>Previne e neutraliza odores das axilas;<\/li>\n<li>Acalma\u00a0e hidrata\u00a0a pele de forma saud\u00e1vel e segura;<\/li>\n<li>Perfume suave e refrescante da sinergia de \u00f3leos essenciais com propriedades antiss\u00e9ptica, cicatrizante, bactericida, anti-inflamat\u00f3ria e regeneradora\u00a0da pele;<\/li>\n<li>Textura leve, sem viscosidade e de r\u00e1pida absor\u00e7\u00e3o;<\/li>\n<li>N\u00e3o bloqueia os poros, n\u00e3o \u00e9 antitranspirante. Ideal para a pr\u00e1tica de esportes;<\/li>\n<li>N\u00e3o agride a pele e o meio ambiente;<\/li>\n<li>Sem produtos de origem animal e n\u00e3o testado em animais;<\/li>\n<li>Livre de alum\u00ednio, parabenos, fragr\u00e2ncia, \u00e1lcool, triclosan, derivados de petr\u00f3leo e sulfatos.<\/li>\n<\/ul>\n<p><strong>MODO DE USAR<\/strong><\/p>\n<p>Agite antes de usar e aplique o desodorante\u00a0nas axilas limpas. Uso externo. Pode ser reaplicado v\u00e1rias vezes ao dia sem causar qualquer inc\u00f4modo. Importante: por conter extratos naturais o produto poder\u00e1 sofrer varia\u00e7\u00f5es de cor, sem alterar suas propriedades.<\/p>\n<p><strong>Saiba mais sobre as propriedades das principais mat\u00e9rias-primas que comp\u00f5em esta f\u00f3rmula:<\/strong><\/p>\n<p><strong>Hidr\u00f3xido de Magn\u00e9sio\u00a0<\/strong>\u2013 fun\u00e7\u00e3o alcalinizante que reduz a acidez da pele e combate bact\u00e9rias que causam o mau odor nas axilas.<\/p>\n<p><strong>Bisabolol e extrato de camomila<\/strong>\u00a0\u2013 derivados da camomila, com a\u00e7\u00e3o cicatrizante, anti-inflamat\u00f3ria, antial\u00e9rgica, antiss\u00e9ptica, bactericida, antif\u00fangica, cicatrizante e calmante para a pele irritada.<\/p>\n<p><strong>\u00d3leo vegetal de Copa\u00edba<\/strong>\u00a0&#8211; conhecido como \u201cb\u00e1lsamo da Amaz\u00f4nia\u201d, \u00e9 antiss\u00e9ptico, cicatrizante e bactericida.<\/p>\n<p><strong>\u00d3leos essenciais<\/strong>\u00a0&#8211;\u00a0 s\u00e3o subst\u00e2ncias de origem vegetal, com propriedades arom\u00e1ticas e terap\u00eauticas estudadas e aplicadas pela AROMATERAPIA.<\/p>\n<p><strong>Glicerina vegetal\u00a0<\/strong>&#8211; com propriedade umectante, que atrai a umidade para a pele e a deixa hidratada.<\/p>\n","protected":false},"excerpt":{"rendered":"<p>Este desodorante combinou<strong>\u00a0\u00f3leos essenciais<\/strong> de <strong>lavanda<\/strong>, <strong>laranja<\/strong> e <strong>ylang ylang,<\/strong> resultando em um perfume floral suave e 100% natural, que traz a <b>sensa\u00e7\u00e3o<\/b> <b>tranquilidade<\/b><b> e <\/b><b>conforto<\/b>.<\/p>\n","protected":false},"featured_media":3089,"template":"","meta":[],"product_brand":[],"product_cat":[133,137],"product_tag":[178,176,177,172,174],"class_list":{"0":"post-3086","1":"product","2":"type-product","3":"status-publish","4":"has-post-thumbnail","6":"product_cat-corpo-e-banho","7":"product_cat-desodorantes","8":"product_tag-eficacia","9":"product_tag-hidratacao","10":"product_tag-oleos-essenciais","11":"product_tag-suavidade","12":"product_tag-vegano","14":"first","15":"instock","16":"sale","17":"featured","18":"taxable","19":"shipping-taxable","20":"purchasable","21":"product-type-simple"},"_links":{"self":[{"href":"https:\/\/adorlyscosmeticos.com.br\/loja\/wp-json\/wp\/v2\/product\/3086","targetHints":{"allow":["GET"]}}],"collection":[{"href":"https:\/\/adorlyscosmeticos.com.br\/loja\/wp-json\/wp\/v2\/product"}],"about":[{"href":"https:\/\/adorlyscosmeticos.com.br\/loja\/wp-json\/wp\/v2\/types\/product"}],"wp:featuredmedia":[{"embeddable":true,"href":"https:\/\/adorlyscosmeticos.com.br\/loja\/wp-json\/wp\/v2\/media\/3089"}],"wp:attachment":[{"href":"https:\/\/adorlyscosmeticos.com.br\/loja\/wp-json\/wp\/v2\/media?parent=3086"}],"wp:term":[{"taxonomy":"product_brand","embeddable":true,"href":"https:\/\/adorlyscosmeticos.com.br\/loja\/wp-json\/wp\/v2\/product_brand?post=3086"},{"taxonomy":"product_cat","embeddable":true,"href":"https:\/\/adorlyscosmeticos.com.br\/loja\/wp-json\/wp\/v2\/product_cat?post=3086"},{"taxonomy":"product_tag","embeddable":true,"href":"https:\/\/adorlyscosmeticos.com.br\/loja\/wp-json\/wp\/v2\/product_tag?post=3086"}],"curies":[{"name":"wp","href":"https:\/\/api.w.org\/{rel}","templated":true}]}}