{"id":3065,"date":"2021-05-27T22:04:53","date_gmt":"2021-05-28T01:04:53","guid":{"rendered":"https:\/\/adorlyscosmeticos.com.br\/loja\/?post_type=product&#038;p=3065"},"modified":"2023-10-22T21:31:01","modified_gmt":"2023-10-23T00:31:01","slug":"hidratante-desodorante-herbal-necessaire","status":"publish","type":"product","link":"https:\/\/adorlyscosmeticos.com.br\/loja\/product\/hidratante-desodorante-herbal-necessaire\/","title":{"rendered":"Hidratante 140g+ Desodorante Herbal 70g+ Necessaire"},"content":{"rendered":"<p>Combina\u00e7\u00e3o perfeita de dois produtos 100% naturais e necessaire exclusiva e artesanal confeccionada com puro algod\u00e3o org\u00e2nico.<\/p>\n","protected":false},"excerpt":{"rendered":"<p>ombina\u00e7\u00e3o perfeita de dois produtos 100% naturais e necessaire exclusiva e artesanal, confeccionada com puro algod\u00e3o org\u00e2nico.<\/p>\n","protected":false},"featured_media":3066,"template":"","meta":[],"product_brand":[],"product_cat":[159,133],"product_tag":[181,179,178,176,177,162,174],"class_list":{"0":"post-3065","1":"product","2":"type-product","3":"status-publish","4":"has-post-thumbnail","6":"product_cat-combo","7":"product_cat-corpo-e-banho","8":"product_tag-antienvelhecimento","9":"product_tag-cruelty-free","10":"product_tag-eficacia","11":"product_tag-hidratacao","12":"product_tag-oleos-essenciais","13":"product_tag-regeneradora-da-pele","14":"product_tag-vegano","16":"first","17":"outofstock","18":"sale","19":"featured","20":"taxable","21":"shipping-taxable","22":"purchasable","23":"product-type-simple"},"_links":{"self":[{"href":"https:\/\/adorlyscosmeticos.com.br\/loja\/wp-json\/wp\/v2\/product\/3065","targetHints":{"allow":["GET"]}}],"collection":[{"href":"https:\/\/adorlyscosmeticos.com.br\/loja\/wp-json\/wp\/v2\/product"}],"about":[{"href":"https:\/\/adorlyscosmeticos.com.br\/loja\/wp-json\/wp\/v2\/types\/product"}],"wp:featuredmedia":[{"embeddable":true,"href":"https:\/\/adorlyscosmeticos.com.br\/loja\/wp-json\/wp\/v2\/media\/3066"}],"wp:attachment":[{"href":"https:\/\/adorlyscosmeticos.com.br\/loja\/wp-json\/wp\/v2\/media?parent=3065"}],"wp:term":[{"taxonomy":"product_brand","embeddable":true,"href":"https:\/\/adorlyscosmeticos.com.br\/loja\/wp-json\/wp\/v2\/product_brand?post=3065"},{"taxonomy":"product_cat","embeddable":true,"href":"https:\/\/adorlyscosmeticos.com.br\/loja\/wp-json\/wp\/v2\/product_cat?post=3065"},{"taxonomy":"product_tag","embeddable":true,"href":"https:\/\/adorlyscosmeticos.com.br\/loja\/wp-json\/wp\/v2\/product_tag?post=3065"}],"curies":[{"name":"wp","href":"https:\/\/api.w.org\/{rel}","templated":true}]}}