{"id":2872,"date":"2021-01-20T14:41:05","date_gmt":"2021-01-20T17:41:05","guid":{"rendered":"https:\/\/loja.adorlyscosmeticos.com.br\/?post_type=product&#038;p=2872"},"modified":"2023-01-20T20:07:08","modified_gmt":"2023-01-20T23:07:08","slug":"creme-hidratante-desodorante-herbal","status":"publish","type":"product","link":"https:\/\/adorlyscosmeticos.com.br\/loja\/product\/creme-hidratante-desodorante-herbal\/","title":{"rendered":"Hidratante Corporal Karit\u00e9 e Macad\u00e2mia 140g + Desodorante Natural Herbal 70g"},"content":{"rendered":"<p>Combina\u00e7\u00e3o perfeita de dois produtos 100% naturais.<\/p>\n<p>Creme hidratante corporal karit\u00e9 &amp; macad\u00e2mia<\/p>\n<ul>\n<li>Textura leve, toque seco e aveludado;<\/li>\n<li>Hidrata\u00e7\u00e3o instant\u00e2nea e de longa dura\u00e7\u00e3o;<\/li>\n<li>Previne descama\u00e7\u00e3o e irrita\u00e7\u00e3o na pele;<\/li>\n<li>A\u00e7\u00e3o antienvelhecimento.<\/li>\n<\/ul>\n<p>Desodorante Natural Herbal<\/p>\n<ul>\n<li>Sem alum\u00ednio e subst\u00e2ncias nocivas para a sa\u00fade;<\/li>\n<li>\u00d3leos essenciais com a\u00e7\u00e3o antibacteriana, antif\u00fangica, cicatrizante, regeneradora da pele e anti-inflamat\u00f3ria;<\/li>\n<li>Previne e neutraliza odores das axilas;<\/li>\n<li>Acalma e hidrata a pele;<\/li>\n<li>Textura leve, sem viscosidade e de r\u00e1pida absor\u00e7\u00e3o;<\/li>\n<li>N\u00e3o bloqueia os poros, n\u00e3o \u00e9 anti-transpirante. Ideal para a pr\u00e1tica de esportes.<\/li>\n<\/ul>\n<p>&nbsp;<\/p>\n","protected":false},"excerpt":{"rendered":"<p>Combina\u00e7\u00e3o perfeita de dois produtos 100% naturais.<\/p>\n","protected":false},"featured_media":2960,"template":"","meta":[],"product_brand":[],"product_cat":[159,133],"product_tag":[181,179,178,176,177,162,174],"class_list":{"0":"post-2872","1":"product","2":"type-product","3":"status-publish","4":"has-post-thumbnail","6":"product_cat-combo","7":"product_cat-corpo-e-banho","8":"product_tag-antienvelhecimento","9":"product_tag-cruelty-free","10":"product_tag-eficacia","11":"product_tag-hidratacao","12":"product_tag-oleos-essenciais","13":"product_tag-regeneradora-da-pele","14":"product_tag-vegano","16":"first","17":"outofstock","18":"sale","19":"featured","20":"taxable","21":"shipping-taxable","22":"purchasable","23":"product-type-simple"},"_links":{"self":[{"href":"https:\/\/adorlyscosmeticos.com.br\/loja\/wp-json\/wp\/v2\/product\/2872","targetHints":{"allow":["GET"]}}],"collection":[{"href":"https:\/\/adorlyscosmeticos.com.br\/loja\/wp-json\/wp\/v2\/product"}],"about":[{"href":"https:\/\/adorlyscosmeticos.com.br\/loja\/wp-json\/wp\/v2\/types\/product"}],"wp:featuredmedia":[{"embeddable":true,"href":"https:\/\/adorlyscosmeticos.com.br\/loja\/wp-json\/wp\/v2\/media\/2960"}],"wp:attachment":[{"href":"https:\/\/adorlyscosmeticos.com.br\/loja\/wp-json\/wp\/v2\/media?parent=2872"}],"wp:term":[{"taxonomy":"product_brand","embeddable":true,"href":"https:\/\/adorlyscosmeticos.com.br\/loja\/wp-json\/wp\/v2\/product_brand?post=2872"},{"taxonomy":"product_cat","embeddable":true,"href":"https:\/\/adorlyscosmeticos.com.br\/loja\/wp-json\/wp\/v2\/product_cat?post=2872"},{"taxonomy":"product_tag","embeddable":true,"href":"https:\/\/adorlyscosmeticos.com.br\/loja\/wp-json\/wp\/v2\/product_tag?post=2872"}],"curies":[{"name":"wp","href":"https:\/\/api.w.org\/{rel}","templated":true}]}}