{"id":2418,"date":"2020-11-19T14:40:54","date_gmt":"2020-11-19T17:40:54","guid":{"rendered":"http:\/\/loja.adorlyscosmeticos.com.br\/?post_type=product&#038;p=2418"},"modified":"2022-04-13T13:49:12","modified_gmt":"2022-04-13T16:49:12","slug":"spray-antisseptico-para-as-maos","status":"publish","type":"product","link":"https:\/\/adorlyscosmeticos.com.br\/loja\/product\/spray-antisseptico-para-as-maos\/","title":{"rendered":"Spray antiss\u00e9ptico para as m\u00e3os 60g"},"content":{"rendered":"<p>Foi desenvolvido para higienizar as m\u00e3os sem ressec\u00e1-las, com mat\u00e9rias primas provenientes da natureza &#8211; \u00e1lcool 70% e uma sinergia dos melhores \u00f3leos essenciais\u00a0<strong>bactericidas e antivirais<\/strong>\u00a0de tea tree (melaleuca), eucalipto e lavandim.<\/p>\n<ul>\n<li>100% natural e vegano;<\/li>\n<li>Preserva a hidrata\u00e7\u00e3o da pele;<\/li>\n<li>Mais eficaz e econ\u00f4mico se comparado ao \u00e1lcool gel;<\/li>\n<li>Embalagem pr\u00e1tica, discreta e\u00a0segura;<\/li>\n<li>Perfume natural suave;<\/li>\n<li>Biodegrad\u00e1vel;<\/li>\n<li>Sem produtos de origem animal e n\u00e3o testado em animais;<\/li>\n<li>Livre de parabenos, derivados de petr\u00f3leo, sulfato e fragr\u00e2ncia.<\/li>\n<\/ul>\n<p><strong>Modo de usar<\/strong><\/p>\n<p>Borrifar direto sobre a pele para higiene das m\u00e3os, bra\u00e7os e p\u00e9s. \u00c9 indicado para todas as pessoas.<\/p>\n<p><strong>Componentes e propriedades<\/strong><\/p>\n<p><strong>\u00c1lcool 70%<\/strong>\u00a0&#8211; bactericida, antiss\u00e9ptico e desinfetante.<\/p>\n<p><strong>Glicerina vegetal<\/strong>\u00a0\u2013 com propriedade umectante, que atrai a umidade para a pele e a deixa hidratada.<\/p>\n<p><strong>\u00d3leo essencial de tea tree (melaleuca<\/strong>) &#8211; \u00e9 um\u00a0<strong>ativo antif\u00fangico\u00a0<\/strong>e garante tamb\u00e9m\u00a0<strong>a\u00e7\u00e3o bactericida de alta efic\u00e1cia<\/strong>.\u00a0<strong>Imunoestimulante<\/strong>. \u00c9 considerado um dos \u00f3leos essenciais mais poderosos com fun\u00e7\u00e3o\u00a0<strong>antiviral<\/strong>.<\/p>\n<p><strong>\u00d3leo essencial de eucalipto<\/strong>\u00a0\u2013 a\u00e7\u00e3o antiss\u00e9ptica, antif\u00fangica, antibacteriana e antiviral.<\/p>\n<p><strong>\u00d3leo essencial de lavandim\u00a0<\/strong>&#8211;<strong>\u00a0<\/strong>a\u00e7\u00e3o relaxante, antiss\u00e9ptica, anti-inflamat\u00f3ria\u00a0e cicatrizante. Acalma e tranquiliza.<\/p>\n","protected":false},"excerpt":{"rendered":"<p>Foi desenvolvido para higienizar as m\u00e3os sem ressec\u00e1-las, com mat\u00e9rias primas provenientes da natureza &#8211; \u00e1lcool 70% e uma sinergia&#8230;<\/p>\n","protected":false},"featured_media":2962,"template":"","meta":[],"product_brand":[],"product_cat":[133,139],"product_tag":[155,154,178,176,177],"class_list":{"0":"post-2418","1":"product","2":"type-product","3":"status-publish","4":"has-post-thumbnail","6":"product_cat-corpo-e-banho","7":"product_cat-maos-e-pes","8":"product_tag-antivirais","9":"product_tag-bactericidas","10":"product_tag-eficacia","11":"product_tag-hidratacao","12":"product_tag-oleos-essenciais","14":"first","15":"outofstock","16":"featured","17":"taxable","18":"shipping-taxable","19":"purchasable","20":"product-type-simple"},"_links":{"self":[{"href":"https:\/\/adorlyscosmeticos.com.br\/loja\/wp-json\/wp\/v2\/product\/2418","targetHints":{"allow":["GET"]}}],"collection":[{"href":"https:\/\/adorlyscosmeticos.com.br\/loja\/wp-json\/wp\/v2\/product"}],"about":[{"href":"https:\/\/adorlyscosmeticos.com.br\/loja\/wp-json\/wp\/v2\/types\/product"}],"wp:featuredmedia":[{"embeddable":true,"href":"https:\/\/adorlyscosmeticos.com.br\/loja\/wp-json\/wp\/v2\/media\/2962"}],"wp:attachment":[{"href":"https:\/\/adorlyscosmeticos.com.br\/loja\/wp-json\/wp\/v2\/media?parent=2418"}],"wp:term":[{"taxonomy":"product_brand","embeddable":true,"href":"https:\/\/adorlyscosmeticos.com.br\/loja\/wp-json\/wp\/v2\/product_brand?post=2418"},{"taxonomy":"product_cat","embeddable":true,"href":"https:\/\/adorlyscosmeticos.com.br\/loja\/wp-json\/wp\/v2\/product_cat?post=2418"},{"taxonomy":"product_tag","embeddable":true,"href":"https:\/\/adorlyscosmeticos.com.br\/loja\/wp-json\/wp\/v2\/product_tag?post=2418"}],"curies":[{"name":"wp","href":"https:\/\/api.w.org\/{rel}","templated":true}]}}